{"id":4376,"date":"2025-07-09T03:07:28","date_gmt":"2025-07-08T16:07:28","guid":{"rendered":"https:\/\/tai-chi-en-ligne.com\/?page_id=4376"},"modified":"2025-11-20T02:47:25","modified_gmt":"2025-11-19T15:47:25","slug":"mentions-legales","status":"publish","type":"page","link":"https:\/\/tai-chi-en-ligne.com\/en\/mentions-legales\/","title":{"rendered":"Legal Notice"},"content":{"rendered":"<p>Conform\u00e9ment \u00e0 l\u2019article 6-III de la Loi n\u00b02004-575 du 21 juin 2004 pour la confiance dans l\u2019\u00e9conomie num\u00e9rique.<\/p>\n\n\n\n<h2 class=\"wp-block-heading\">\u00c9diteur<\/h2>\n\n\n\n<p><strong>Name<\/strong>&nbsp;: Oswald Dorion<br><strong>Profession<\/strong>&nbsp;: Cr\u00e9ateur de sites web<br><strong>SIRET<\/strong>&nbsp;: 442 385 175 00025<br><strong>Adresse<\/strong>&nbsp;: (adresse personnelle non publi\u00e9e selon l\u2019article L123-1-1 du Code de commerce)<br><strong>T\u00e9l\u00e9phone<\/strong>&nbsp;: 06 17 59 93 00<br><strong>Email<\/strong>&nbsp;:&nbsp;<a>contact@studiowebzen.com<\/a><\/p>\n\n\n\n<h2 class=\"wp-block-heading\">H\u00e9bergeur<\/h2>\n\n\n\n<p><strong>Hostinger International Ltd<\/strong><br>Adresse : 61 rue Lordou Vironos, 6023 Larnaca, Chypre<br>Site :&nbsp;<a>https:\/\/www.hostinger.fr\/contact<\/a><\/p>\n\n\n\n<h2 class=\"wp-block-heading\">Conception et d\u00e9veloppement<\/h2>\n\n\n\n<p>Site con\u00e7u et r\u00e9alis\u00e9 par Oswald Dorion avec WordPress.<\/p>","protected":false},"excerpt":{"rendered":"<p>Conform\u00e9ment \u00e0 l\u2019article 6-III de la Loi n\u00b02004-575 du 21 juin 2004 pour [&hellip;]<\/p>\n","protected":false},"author":1,"featured_media":0,"parent":0,"menu_order":0,"comment_status":"closed","ping_status":"closed","template":"","meta":{"footnotes":""},"class_list":["post-4376","page","type-page","status-publish","hentry"],"yoast_head":"<!-- This site is optimized with the Yoast SEO plugin v27.5 - https:\/\/yoast.com\/product\/yoast-seo-wordpress\/ -->\n<title>Mentions l\u00e9gales<\/title>\n<meta name=\"description\" content=\"Mentions l\u00e9gales\" \/>\n<meta name=\"robots\" content=\"index, follow, max-snippet:-1, max-image-preview:large, max-video-preview:-1\" \/>\n<link rel=\"canonical\" href=\"https:\/\/tai-chi-en-ligne.com\/en\/mentions-legales\/\" \/>\n<meta property=\"og:locale\" content=\"en_US\" \/>\n<meta property=\"og:type\" content=\"article\" \/>\n<meta property=\"og:title\" content=\"Mentions l\u00e9gales\" \/>\n<meta property=\"og:description\" content=\"Mentions l\u00e9gales\" \/>\n<meta property=\"og:url\" content=\"https:\/\/tai-chi-en-ligne.com\/en\/mentions-legales\/\" \/>\n<meta property=\"og:site_name\" content=\"Tai chi en ligne\" \/>\n<meta property=\"article:publisher\" content=\"https:\/\/www.facebook.com\/LeFilDeSoieArgeles\" \/>\n<meta property=\"article:modified_time\" content=\"2025-11-19T15:47:25+00:00\" \/>\n<meta property=\"og:image\" content=\"https:\/\/tai-chi-en-ligne.com\/wp-content\/uploads\/2025\/11\/cropped-cropped-Logo.png\" \/>\n\t<meta property=\"og:image:width\" content=\"512\" \/>\n\t<meta property=\"og:image:height\" content=\"512\" \/>\n\t<meta property=\"og:image:type\" content=\"image\/png\" \/>\n<meta name=\"twitter:card\" content=\"summary_large_image\" \/>\n<meta name=\"twitter:label1\" content=\"Est. reading time\" \/>\n\t<meta name=\"twitter:data1\" content=\"1 minute\" \/>\n<script type=\"application\/ld+json\" class=\"yoast-schema-graph\">{\"@context\":\"https:\\\/\\\/schema.org\",\"@graph\":[{\"@type\":\"WebPage\",\"@id\":\"https:\\\/\\\/tai-chi-en-ligne.com\\\/mentions-legales\\\/\",\"url\":\"https:\\\/\\\/tai-chi-en-ligne.com\\\/mentions-legales\\\/\",\"name\":\"Mentions l\u00e9gales\",\"isPartOf\":{\"@id\":\"https:\\\/\\\/tai-chi-en-ligne.com\\\/fr\\\/#website\"},\"datePublished\":\"2025-07-08T16:07:28+00:00\",\"dateModified\":\"2025-11-19T15:47:25+00:00\",\"description\":\"Mentions l\u00e9gales\",\"breadcrumb\":{\"@id\":\"https:\\\/\\\/tai-chi-en-ligne.com\\\/mentions-legales\\\/#breadcrumb\"},\"inLanguage\":\"en-US\",\"potentialAction\":[{\"@type\":\"ReadAction\",\"target\":[\"https:\\\/\\\/tai-chi-en-ligne.com\\\/mentions-legales\\\/\"]}]},{\"@type\":\"BreadcrumbList\",\"@id\":\"https:\\\/\\\/tai-chi-en-ligne.com\\\/mentions-legales\\\/#breadcrumb\",\"itemListElement\":[{\"@type\":\"ListItem\",\"position\":1,\"name\":\"Accueil\",\"item\":\"https:\\\/\\\/tai-chi-en-ligne.com\\\/\"},{\"@type\":\"ListItem\",\"position\":2,\"name\":\"Mentions l\u00e9gales\"}]},{\"@type\":\"WebSite\",\"@id\":\"https:\\\/\\\/tai-chi-en-ligne.com\\\/fr\\\/#website\",\"url\":\"https:\\\/\\\/tai-chi-en-ligne.com\\\/fr\\\/\",\"name\":\"Tai Chi et Qi Gong en ligne\",\"description\":\"Cours en ligne\",\"publisher\":{\"@id\":\"https:\\\/\\\/tai-chi-en-ligne.com\\\/fr\\\/#organization\"},\"alternateName\":\"Tai Chi en ligne\",\"potentialAction\":[{\"@type\":\"SearchAction\",\"target\":{\"@type\":\"EntryPoint\",\"urlTemplate\":\"https:\\\/\\\/tai-chi-en-ligne.com\\\/fr\\\/?s={search_term_string}\"},\"query-input\":{\"@type\":\"PropertyValueSpecification\",\"valueRequired\":true,\"valueName\":\"search_term_string\"}}],\"inLanguage\":\"en-US\"},{\"@type\":\"Organization\",\"@id\":\"https:\\\/\\\/tai-chi-en-ligne.com\\\/fr\\\/#organization\",\"name\":\"Le Fil de Soie\",\"url\":\"https:\\\/\\\/tai-chi-en-ligne.com\\\/fr\\\/\",\"logo\":{\"@type\":\"ImageObject\",\"inLanguage\":\"en-US\",\"@id\":\"https:\\\/\\\/tai-chi-en-ligne.com\\\/fr\\\/#\\\/schema\\\/logo\\\/image\\\/\",\"url\":\"https:\\\/\\\/tai-chi-en-ligne.com\\\/wp-content\\\/uploads\\\/2025\\\/11\\\/cropped-Yin-Yang-Dragon-Transparent.png\",\"contentUrl\":\"https:\\\/\\\/tai-chi-en-ligne.com\\\/wp-content\\\/uploads\\\/2025\\\/11\\\/cropped-Yin-Yang-Dragon-Transparent.png\",\"width\":571,\"height\":568,\"caption\":\"Le Fil de Soie\"},\"image\":{\"@id\":\"https:\\\/\\\/tai-chi-en-ligne.com\\\/fr\\\/#\\\/schema\\\/logo\\\/image\\\/\"},\"sameAs\":[\"https:\\\/\\\/www.facebook.com\\\/LeFilDeSoieArgeles\",\"https:\\\/\\\/www.youtube.com\\\/@tai-chi-en-ligne\"]}]}<\/script>\n<!-- \/ Yoast SEO plugin. -->","yoast_head_json":{"title":"Legal Notice","description":"Legal Notice","robots":{"index":"index","follow":"follow","max-snippet":"max-snippet:-1","max-image-preview":"max-image-preview:large","max-video-preview":"max-video-preview:-1"},"canonical":"https:\/\/tai-chi-en-ligne.com\/en\/mentions-legales\/","og_locale":"en_US","og_type":"article","og_title":"Mentions l\u00e9gales","og_description":"Mentions l\u00e9gales","og_url":"https:\/\/tai-chi-en-ligne.com\/en\/mentions-legales\/","og_site_name":"Tai chi en ligne","article_publisher":"https:\/\/www.facebook.com\/LeFilDeSoieArgeles","article_modified_time":"2025-11-19T15:47:25+00:00","og_image":[{"width":512,"height":512,"url":"https:\/\/tai-chi-en-ligne.com\/wp-content\/uploads\/2025\/11\/cropped-cropped-Logo.png","type":"image\/png"}],"twitter_card":"summary_large_image","twitter_misc":{"Est. reading time":"1 minute"},"schema":{"@context":"https:\/\/schema.org","@graph":[{"@type":"WebPage","@id":"https:\/\/tai-chi-en-ligne.com\/mentions-legales\/","url":"https:\/\/tai-chi-en-ligne.com\/mentions-legales\/","name":"Legal Notice","isPartOf":{"@id":"https:\/\/tai-chi-en-ligne.com\/fr\/#website"},"datePublished":"2025-07-08T16:07:28+00:00","dateModified":"2025-11-19T15:47:25+00:00","description":"Legal Notice","breadcrumb":{"@id":"https:\/\/tai-chi-en-ligne.com\/mentions-legales\/#breadcrumb"},"inLanguage":"en-US","potentialAction":[{"@type":"ReadAction","target":["https:\/\/tai-chi-en-ligne.com\/mentions-legales\/"]}]},{"@type":"BreadcrumbList","@id":"https:\/\/tai-chi-en-ligne.com\/mentions-legales\/#breadcrumb","itemListElement":[{"@type":"ListItem","position":1,"name":"Accueil","item":"https:\/\/tai-chi-en-ligne.com\/"},{"@type":"ListItem","position":2,"name":"Mentions l\u00e9gales"}]},{"@type":"WebSite","@id":"https:\/\/tai-chi-en-ligne.com\/fr\/#website","url":"https:\/\/tai-chi-en-ligne.com\/fr\/","name":"Tai Chi and Qi Gong online","description":"Online course","publisher":{"@id":"https:\/\/tai-chi-en-ligne.com\/fr\/#organization"},"alternateName":"Tai Chi en ligne","potentialAction":[{"@type":"SearchAction","target":{"@type":"EntryPoint","urlTemplate":"https:\/\/tai-chi-en-ligne.com\/fr\/?s={search_term_string}"},"query-input":{"@type":"PropertyValueSpecification","valueRequired":true,"valueName":"search_term_string"}}],"inLanguage":"en-US"},{"@type":"Organization","@id":"https:\/\/tai-chi-en-ligne.com\/fr\/#organization","name":"The Silk Thread","url":"https:\/\/tai-chi-en-ligne.com\/fr\/","logo":{"@type":"ImageObject","inLanguage":"en-US","@id":"https:\/\/tai-chi-en-ligne.com\/fr\/#\/schema\/logo\/image\/","url":"https:\/\/tai-chi-en-ligne.com\/wp-content\/uploads\/2025\/11\/cropped-Yin-Yang-Dragon-Transparent.png","contentUrl":"https:\/\/tai-chi-en-ligne.com\/wp-content\/uploads\/2025\/11\/cropped-Yin-Yang-Dragon-Transparent.png","width":571,"height":568,"caption":"Le Fil de Soie"},"image":{"@id":"https:\/\/tai-chi-en-ligne.com\/fr\/#\/schema\/logo\/image\/"},"sameAs":["https:\/\/www.facebook.com\/LeFilDeSoieArgeles","https:\/\/www.youtube.com\/@tai-chi-en-ligne"]}]}},"_links":{"self":[{"href":"https:\/\/tai-chi-en-ligne.com\/en\/wp-json\/wp\/v2\/pages\/4376","targetHints":{"allow":["GET"]}}],"collection":[{"href":"https:\/\/tai-chi-en-ligne.com\/en\/wp-json\/wp\/v2\/pages"}],"about":[{"href":"https:\/\/tai-chi-en-ligne.com\/en\/wp-json\/wp\/v2\/types\/page"}],"author":[{"embeddable":true,"href":"https:\/\/tai-chi-en-ligne.com\/en\/wp-json\/wp\/v2\/users\/1"}],"replies":[{"embeddable":true,"href":"https:\/\/tai-chi-en-ligne.com\/en\/wp-json\/wp\/v2\/comments?post=4376"}],"version-history":[{"count":2,"href":"https:\/\/tai-chi-en-ligne.com\/en\/wp-json\/wp\/v2\/pages\/4376\/revisions"}],"predecessor-version":[{"id":4379,"href":"https:\/\/tai-chi-en-ligne.com\/en\/wp-json\/wp\/v2\/pages\/4376\/revisions\/4379"}],"wp:attachment":[{"href":"https:\/\/tai-chi-en-ligne.com\/en\/wp-json\/wp\/v2\/media?parent=4376"}],"curies":[{"name":"wp","href":"https:\/\/api.w.org\/{rel}","templated":true}]}}