{"id":4086,"date":"2025-02-27T04:50:20","date_gmt":"2025-02-26T17:50:20","guid":{"rendered":"https:\/\/tai-chi-en-ligne.com\/?post_type=product&#038;p=4086"},"modified":"2026-04-03T21:10:06","modified_gmt":"2026-04-03T10:10:06","slug":"cours-qi-gong-en-ligne-baduanjin","status":"publish","type":"product","link":"https:\/\/tai-chi-en-ligne.com\/en\/product\/cours-qi-gong-en-ligne-baduanjin\/","title":{"rendered":"Qi Gong &#8211; Ba Duan Jin &#8211; Version Fran\u00e7aise"},"content":{"rendered":"<p>&nbsp;<\/p>\r\n<div style=\"width: 640px;\" class=\"wp-video\"><video class=\"wp-video-shortcode\" id=\"video-4086-1\" width=\"640\" height=\"360\" preload=\"metadata\" controls=\"controls\"><source type=\"video\/mp4\" src=\"https:\/\/tai-chi-en-ligne.com\/wp-content\/uploads\/2024\/11\/Extrait-Qi-gong-video-Francais.mp4?_=1\" \/><a href=\"https:\/\/tai-chi-en-ligne.com\/wp-content\/uploads\/2024\/11\/Extrait-Qi-gong-video-Francais.mp4\">https:\/\/tai-chi-en-ligne.com\/wp-content\/uploads\/2024\/11\/Extrait-Qi-gong-video-Francais.mp4<\/a><\/video><\/div>\r\n<p>&nbsp;<\/p>\r\n<h2 data-path-to-node=\"3\">\u00a0<\/h2>\r\n<div class=\"flex max-w-full flex-col flex-grow\">\r\n<div class=\"flex max-w-full flex-col flex-grow\">\r\n<div class=\"min-h-8 text-message relative flex w-full flex-col items-end gap-2 whitespace-normal break-words text-start [.text-message+&amp;]:mt-5\" dir=\"auto\" data-message-author-role=\"assistant\" data-message-id=\"8852ff52-60f6-456d-8730-cf072f1f4f83\" data-message-model-slug=\"gpt-4o\">\r\n<div class=\"flex w-full flex-col gap-1 empty:hidden first:pt-[3px]\">\r\n<div class=\"markdown prose w-full break-words dark:prose-invert light\">\r\n<h2 data-start=\"1080\" data-end=\"1115\"><\/h2>\r\n<h1 data-path-to-node=\"3\">\ud83c\udf3f Cours de Qi Gong en ligne : Vitalit\u00e9 et Sant\u00e9 Globale<\/h1>\r\n<p data-path-to-node=\"4\">Retrouvez votre \u00e9nergie vitale gr\u00e2ce au Ba Duan Jin, une m\u00e9thode ancestrale aussi accessible que puissante. Ce cours de Qi Gong en ligne vous guide dans une pratique de sant\u00e9 compl\u00e8te pour harmoniser le corps et l&rsquo;esprit.<\/p>\r\n<h2 data-path-to-node=\"5\">Le Ba Duan Jin : La M\u00e9thode des \u00ab\u00a08 Pi\u00e8ces de Brocart\u00a0\u00bb<\/h2>\r\n<p data-path-to-node=\"6\">Cette s\u00e9rie traditionnelle est l&rsquo;une des plus reconnues en M\u00e9decine Traditionnelle Chinoise (MTC) pour revitaliser l\u2019organisme en profondeur. Class\u00e9e dans le Qi Gong externe (Wei Dan), elle renforce votre bouclier naturel contre les agressions quotidiennes : stress, fatigue chronique et tensions.<\/p>\r\n<h2 data-path-to-node=\"7\"><b data-path-to-node=\"7\" data-index-in-node=\"0\">Les b\u00e9n\u00e9fices de cette pratique :<\/b><\/h2>\r\n<ul data-path-to-node=\"8\">\r\n<li>\r\n<p data-path-to-node=\"8,0,0\">Stimulation des m\u00e9ridiens : Active la circulation du Qi (\u00e9nergie vitale) \u00e0 travers tout le corps.<\/p>\r\n<\/li>\r\n<li>\r\n<p data-path-to-node=\"8,1,0\">Lib\u00e9ration des tensions : D\u00e9bloque les zones de stress au niveau des \u00e9paules, du dos et des organes.<\/p>\r\n<\/li>\r\n<li>\r\n<p data-path-to-node=\"8,2,0\">Assouplissement global : Tonifie les muscles en douceur et rend les tendons plus \u00e9lastiques.<\/p>\r\n<\/li>\r\n<li>\r\n<p data-path-to-node=\"8,3,0\">\u00c9quilibre des fonctions vitales : Am\u00e9liore la digestion, la capacit\u00e9 respiratoire et la qualit\u00e9 du sommeil.<\/p>\r\n<\/li>\r\n<\/ul>\r\n<hr data-path-to-node=\"9\" \/>\r\n<h2 data-path-to-node=\"10\">Pourquoi int\u00e9grer le Qi Gong dans votre quotidien ?<\/h2>\r\n<p data-path-to-node=\"11\"><strong>Consid\u00e9r\u00e9 comme une v\u00e9ritable \u00ab\u00a0d\u00e9tox naturelle\u00a0\u00bb, le Qi Gong est un pilier de la pr\u00e9vention sant\u00e9. Pratiquer le Ba Duan Jin r\u00e9guli\u00e8rement agit comme un soutien pr\u00e9cieux pour :<\/strong><\/p>\r\n<ul data-path-to-node=\"12\">\r\n<li>\r\n<h3 data-path-to-node=\"12,0,0\">Booster le syst\u00e8me immunitaire (id\u00e9al aux changements de saison).<\/h3>\r\n<\/li>\r\n<li>\r\n<h3 data-path-to-node=\"12,1,0\">Soulager les douleurs chroniques et les raideurs articulaires.<\/h3>\r\n<\/li>\r\n<li>\r\n<h3 data-path-to-node=\"12,2,0\">Apaiser le syst\u00e8me nerveux pour une meilleure gestion des \u00e9motions.<\/h3>\r\n<\/li>\r\n<\/ul>\r\n<hr data-path-to-node=\"13\" \/>\r\n<h2 data-path-to-node=\"14\">Apprenez \u00e0 votre rythme, en toute autonomie<\/h2>\r\n<p data-path-to-node=\"15\"><strong>Ce cours a \u00e9t\u00e9 con\u00e7u pour offrir une p\u00e9dagogie claire et une progression fluide, que vous soyez d\u00e9butant complet ou pratiquant avanc\u00e9.<\/strong><\/p>\r\n<ul data-path-to-node=\"16\">\r\n<li>\r\n<p data-path-to-node=\"16,0,0\">Vid\u00e9os t\u00e9l\u00e9chargeables : Acc\u00e9dez \u00e0 vos cours \u00e0 vie, sans abonnement, sur tous vos supports (ordinateur, tablette, TV).<\/p>\r\n<\/li>\r\n<li>\r\n<p data-path-to-node=\"16,1,0\">Approche holistique : Chaque mouvement est expliqu\u00e9 pour vous permettre de comprendre l&rsquo;aspect physique mais aussi \u00e9nerg\u00e9tique de la pratique.<\/p>\r\n<\/li>\r\n<li>\r\n<p data-path-to-node=\"16,2,0\">Libert\u00e9 totale : Cr\u00e9ez votre routine bien-\u00eatre \u00e0 la maison, sans contrainte horaire.<\/p>\r\n<\/li>\r\n<\/ul>\r\n<hr data-path-to-node=\"13\" \/>\r\n<h2 data-path-to-node=\"14\">Questions fr\u00e9quentes<\/h2>\r\n<ul>\r\n<li>\r\n<p data-path-to-node=\"13,0,0\">Le Ba Duan Jin est-il accessible \u00e0 tous ? Oui, absolument. C&rsquo;est une pratique de sant\u00e9 douce qui ne demande aucune souplesse particuli\u00e8re. Ce cours de Qi Gong est id\u00e9al pour entretenir sa vitalit\u00e9 \u00e0 tout \u00e2ge, m\u00eame pour les seniors.<\/p>\r\n<\/li>\r\n<li>\r\n<p data-path-to-node=\"13,1,0\">Comment vais-je recevoir mon cours ? D\u00e8s la validation de votre commande, vous recevez un lien pour t\u00e9l\u00e9charger vos fichiers vid\u00e9o (MP4). Vous en devenez propri\u00e9taire \u00e0 vie. Il n&rsquo;y a aucun abonnement cach\u00e9.<\/p>\r\n<\/li>\r\n<li>\r\n<p data-path-to-node=\"13,2,0\">Sur quels appareils puis-je visionner les vid\u00e9os ? Les fichiers sont compatibles avec tout : ordinateur, tablette, smartphone et t\u00e9l\u00e9viseur (via cl\u00e9 USB ou Cast). Pratiquez partout, m\u00eame sans connexion internet.<\/p>\r\n<\/li>\r\n<\/ul>\r\n<hr data-start=\"4136\" data-end=\"4139\" \/>\r\n<p class=\"has-text-align-center\" style=\"text-align: center;\">Site cr\u00e9\u00e9 par <a href=\"https:\/\/studiowebzen.com\/\" target=\"_blank\" rel=\"noreferrer noopener\">StudioWebZen<\/a> &#8211; En savoir plus sur <a href=\"https:\/\/lefildesoie.com\/\" target=\"_blank\" rel=\"noreferrer noopener\">Le Fil de Soie<\/a> &#8211; Propri\u00e9t\u00e9 du Fil de Soie &#8211; Tous droits r\u00e9serv\u00e9s<\/p>\r\n<h2 data-start=\"1080\" data-end=\"1115\">\r\n\r\n<\/h2>\r\n<p class=\"has-text-align-center\" style=\"text-align: center;\"><a href=\"https:\/\/tai-chi-en-ligne.com\/conditions-generales\" target=\"_blank\" rel=\"noreferrer noopener\">CGVU<\/a>\u00a0\u2013\u00a0<a href=\"https:\/\/tai-chi-en-ligne.com\/mentions-legales\" target=\"_blank\" rel=\"noreferrer noopener\">Mentions l\u00e9gales<\/a>\u00a0\u2013\u00a0<a href=\"https:\/\/tai-chi-en-ligne.com\/politique-de-confidentialite\" target=\"_blank\" rel=\"noreferrer noopener\">Confidentialit\u00e9s<\/a>\u00a0\u2013\u00a0<a href=\"https:\/\/tai-chi-en-ligne.com\/politique-de-cookies-ue\" target=\"_blank\" rel=\"noreferrer noopener\">Cookies<\/a><\/p>\r\n<\/div>\r\n<\/div>\r\n<\/div>\r\n<\/div>\r\n<\/div>","protected":false},"excerpt":{"rendered":"<p data-start=\"300\" data-end=\"585\">D\u00e9couvrez la puissance des 8 pi\u00e8ces de Brocart (Ba Duan Jin) [&hellip;]<\/p>\n","protected":false},"featured_media":4670,"comment_status":"open","ping_status":"closed","template":"","meta":[],"product_brand":[],"product_cat":[143],"product_tag":[],"class_list":{"0":"post-4086","1":"product","2":"type-product","3":"status-publish","4":"has-post-thumbnail","6":"product_cat-defaut","7":"pa_38-minutes-52-minutes-39-mn","8":"pa_debutants-intermediaire-tous-les-niveaux","9":"pa_mp4-mp4","10":"pa_taille-du-cours-235-mo","12":"first","13":"instock","14":"downloadable","15":"virtual","16":"sold-individually","17":"purchasable","18":"product-type-simple"},"yoast_head":"<!-- This site is optimized with the Yoast SEO plugin v27.5 - https:\/\/yoast.com\/product\/yoast-seo-wordpress\/ -->\n<title>Qi Gong : Ba Duan Jin<\/title>\n<meta name=\"description\" content=\"Boostez votre vitalit\u00e9 avec nos cours de Qi Gong en ligne. Apprenez le Ba Duan Jin (8 Brocarts) pour lib\u00e9rer le stress et renforcer votre sant\u00e9.\" \/>\n<meta name=\"robots\" content=\"index, follow, max-snippet:-1, max-image-preview:large, max-video-preview:-1\" \/>\n<link rel=\"canonical\" href=\"https:\/\/tai-chi-en-ligne.com\/en\/product\/cours-qi-gong-en-ligne-baduanjin\/\" \/>\n<meta property=\"og:locale\" content=\"en_US\" \/>\n<meta property=\"og:type\" content=\"article\" \/>\n<meta property=\"og:title\" content=\"Cours de Qi Gong \u2013 BaDuanJin complet V.F\" \/>\n<meta property=\"og:description\" content=\"Cours de Qi Gong en ligne version Fran\u00e7aise. Une description d\u00e9taill\u00e9e avec des photos en cascade, des sous-titres et une voix off. T\u00e9l\u00e9chargement imm\u00e9diat.\" \/>\n<meta property=\"og:url\" content=\"https:\/\/tai-chi-en-ligne.com\/en\/product\/cours-qi-gong-en-ligne-baduanjin\/\" \/>\n<meta property=\"og:site_name\" content=\"Tai chi en ligne\" \/>\n<meta property=\"article:publisher\" content=\"https:\/\/www.facebook.com\/LeFilDeSoieArgeles\" \/>\n<meta property=\"article:modified_time\" content=\"2026-04-03T10:10:06+00:00\" \/>\n<meta property=\"og:image\" content=\"https:\/\/tai-chi-en-ligne.com\/wp-content\/uploads\/2023\/06\/2-2.png\" \/>\n\t<meta property=\"og:image:width\" content=\"1200\" \/>\n\t<meta property=\"og:image:height\" content=\"600\" \/>\n\t<meta property=\"og:image:type\" content=\"image\/png\" \/>\n<meta name=\"twitter:card\" content=\"summary_large_image\" \/>\n<meta name=\"twitter:label1\" content=\"Est. reading time\" \/>\n\t<meta name=\"twitter:data1\" content=\"3 minutes\" \/>\n<script type=\"application\/ld+json\" class=\"yoast-schema-graph\">{\"@context\":\"https:\\\/\\\/schema.org\",\"@graph\":[{\"@type\":\"WebPage\",\"@id\":\"https:\\\/\\\/tai-chi-en-ligne.com\\\/product\\\/cours-qi-gong-en-ligne-baduanjin\\\/\",\"url\":\"https:\\\/\\\/tai-chi-en-ligne.com\\\/product\\\/cours-qi-gong-en-ligne-baduanjin\\\/\",\"name\":\"Qi Gong : Ba Duan Jin\",\"isPartOf\":{\"@id\":\"https:\\\/\\\/tai-chi-en-ligne.com\\\/fr\\\/#website\"},\"primaryImageOfPage\":{\"@id\":\"https:\\\/\\\/tai-chi-en-ligne.com\\\/product\\\/cours-qi-gong-en-ligne-baduanjin\\\/#primaryimage\"},\"image\":{\"@id\":\"https:\\\/\\\/tai-chi-en-ligne.com\\\/product\\\/cours-qi-gong-en-ligne-baduanjin\\\/#primaryimage\"},\"thumbnailUrl\":\"https:\\\/\\\/tai-chi-en-ligne.com\\\/wp-content\\\/uploads\\\/2023\\\/06\\\/2-2.png\",\"datePublished\":\"2025-02-26T17:50:20+00:00\",\"dateModified\":\"2026-04-03T10:10:06+00:00\",\"description\":\"Boostez votre vitalit\u00e9 avec nos cours de Qi Gong en ligne. Apprenez le Ba Duan Jin (8 Brocarts) pour lib\u00e9rer le stress et renforcer votre sant\u00e9.\",\"breadcrumb\":{\"@id\":\"https:\\\/\\\/tai-chi-en-ligne.com\\\/product\\\/cours-qi-gong-en-ligne-baduanjin\\\/#breadcrumb\"},\"inLanguage\":\"en-US\",\"potentialAction\":[{\"@type\":\"ReadAction\",\"target\":[\"https:\\\/\\\/tai-chi-en-ligne.com\\\/product\\\/cours-qi-gong-en-ligne-baduanjin\\\/\"]}]},{\"@type\":\"ImageObject\",\"inLanguage\":\"en-US\",\"@id\":\"https:\\\/\\\/tai-chi-en-ligne.com\\\/product\\\/cours-qi-gong-en-ligne-baduanjin\\\/#primaryimage\",\"url\":\"https:\\\/\\\/tai-chi-en-ligne.com\\\/wp-content\\\/uploads\\\/2023\\\/06\\\/2-2.png\",\"contentUrl\":\"https:\\\/\\\/tai-chi-en-ligne.com\\\/wp-content\\\/uploads\\\/2023\\\/06\\\/2-2.png\",\"width\":1200,\"height\":600},{\"@type\":\"BreadcrumbList\",\"@id\":\"https:\\\/\\\/tai-chi-en-ligne.com\\\/product\\\/cours-qi-gong-en-ligne-baduanjin\\\/#breadcrumb\",\"itemListElement\":[{\"@type\":\"ListItem\",\"position\":1,\"name\":\"Accueil\",\"item\":\"https:\\\/\\\/tai-chi-en-ligne.com\\\/\"},{\"@type\":\"ListItem\",\"position\":2,\"name\":\"Tai Chi et Qi Gong en ligne\",\"item\":\"https:\\\/\\\/tai-chi-en-ligne.com\\\/\"},{\"@type\":\"ListItem\",\"position\":3,\"name\":\"Qi Gong &#8211; Ba Duan Jin &#8211; Version Fran\u00e7aise\"}]},{\"@type\":\"WebSite\",\"@id\":\"https:\\\/\\\/tai-chi-en-ligne.com\\\/fr\\\/#website\",\"url\":\"https:\\\/\\\/tai-chi-en-ligne.com\\\/fr\\\/\",\"name\":\"Tai Chi et Qi Gong en ligne\",\"description\":\"Cours en ligne\",\"publisher\":{\"@id\":\"https:\\\/\\\/tai-chi-en-ligne.com\\\/fr\\\/#organization\"},\"alternateName\":\"Tai Chi en ligne\",\"potentialAction\":[{\"@type\":\"SearchAction\",\"target\":{\"@type\":\"EntryPoint\",\"urlTemplate\":\"https:\\\/\\\/tai-chi-en-ligne.com\\\/fr\\\/?s={search_term_string}\"},\"query-input\":{\"@type\":\"PropertyValueSpecification\",\"valueRequired\":true,\"valueName\":\"search_term_string\"}}],\"inLanguage\":\"en-US\"},{\"@type\":\"Organization\",\"@id\":\"https:\\\/\\\/tai-chi-en-ligne.com\\\/fr\\\/#organization\",\"name\":\"Le Fil de Soie\",\"url\":\"https:\\\/\\\/tai-chi-en-ligne.com\\\/fr\\\/\",\"logo\":{\"@type\":\"ImageObject\",\"inLanguage\":\"en-US\",\"@id\":\"https:\\\/\\\/tai-chi-en-ligne.com\\\/fr\\\/#\\\/schema\\\/logo\\\/image\\\/\",\"url\":\"https:\\\/\\\/tai-chi-en-ligne.com\\\/wp-content\\\/uploads\\\/2025\\\/11\\\/cropped-Yin-Yang-Dragon-Transparent.png\",\"contentUrl\":\"https:\\\/\\\/tai-chi-en-ligne.com\\\/wp-content\\\/uploads\\\/2025\\\/11\\\/cropped-Yin-Yang-Dragon-Transparent.png\",\"width\":571,\"height\":568,\"caption\":\"Le Fil de Soie\"},\"image\":{\"@id\":\"https:\\\/\\\/tai-chi-en-ligne.com\\\/fr\\\/#\\\/schema\\\/logo\\\/image\\\/\"},\"sameAs\":[\"https:\\\/\\\/www.facebook.com\\\/LeFilDeSoieArgeles\",\"https:\\\/\\\/www.youtube.com\\\/@tai-chi-en-ligne\"]}]}<\/script>\n<!-- \/ Yoast SEO plugin. -->","yoast_head_json":{"title":"Qi Gong : Ba Duan Jin","description":"Boostez votre vitalit\u00e9 avec nos cours de Qi Gong en ligne. Apprenez le Ba Duan Jin (8 Brocarts) pour lib\u00e9rer le stress et renforcer votre sant\u00e9.","robots":{"index":"index","follow":"follow","max-snippet":"max-snippet:-1","max-image-preview":"max-image-preview:large","max-video-preview":"max-video-preview:-1"},"canonical":"https:\/\/tai-chi-en-ligne.com\/en\/product\/cours-qi-gong-en-ligne-baduanjin\/","og_locale":"en_US","og_type":"article","og_title":"Cours de Qi Gong \u2013 BaDuanJin complet V.F","og_description":"Cours de Qi Gong en ligne version Fran\u00e7aise. Une description d\u00e9taill\u00e9e avec des photos en cascade, des sous-titres et une voix off. T\u00e9l\u00e9chargement imm\u00e9diat.","og_url":"https:\/\/tai-chi-en-ligne.com\/en\/product\/cours-qi-gong-en-ligne-baduanjin\/","og_site_name":"Tai chi en ligne","article_publisher":"https:\/\/www.facebook.com\/LeFilDeSoieArgeles","article_modified_time":"2026-04-03T10:10:06+00:00","og_image":[{"width":1200,"height":600,"url":"https:\/\/tai-chi-en-ligne.com\/wp-content\/uploads\/2023\/06\/2-2.png","type":"image\/png"}],"twitter_card":"summary_large_image","twitter_misc":{"Est. reading time":"3 minutes"},"schema":{"@context":"https:\/\/schema.org","@graph":[{"@type":"WebPage","@id":"https:\/\/tai-chi-en-ligne.com\/product\/cours-qi-gong-en-ligne-baduanjin\/","url":"https:\/\/tai-chi-en-ligne.com\/product\/cours-qi-gong-en-ligne-baduanjin\/","name":"Qi Gong : Ba Duan Jin","isPartOf":{"@id":"https:\/\/tai-chi-en-ligne.com\/fr\/#website"},"primaryImageOfPage":{"@id":"https:\/\/tai-chi-en-ligne.com\/product\/cours-qi-gong-en-ligne-baduanjin\/#primaryimage"},"image":{"@id":"https:\/\/tai-chi-en-ligne.com\/product\/cours-qi-gong-en-ligne-baduanjin\/#primaryimage"},"thumbnailUrl":"https:\/\/tai-chi-en-ligne.com\/wp-content\/uploads\/2023\/06\/2-2.png","datePublished":"2025-02-26T17:50:20+00:00","dateModified":"2026-04-03T10:10:06+00:00","description":"Boostez votre vitalit\u00e9 avec nos cours de Qi Gong en ligne. Apprenez le Ba Duan Jin (8 Brocarts) pour lib\u00e9rer le stress et renforcer votre sant\u00e9.","breadcrumb":{"@id":"https:\/\/tai-chi-en-ligne.com\/product\/cours-qi-gong-en-ligne-baduanjin\/#breadcrumb"},"inLanguage":"en-US","potentialAction":[{"@type":"ReadAction","target":["https:\/\/tai-chi-en-ligne.com\/product\/cours-qi-gong-en-ligne-baduanjin\/"]}]},{"@type":"ImageObject","inLanguage":"en-US","@id":"https:\/\/tai-chi-en-ligne.com\/product\/cours-qi-gong-en-ligne-baduanjin\/#primaryimage","url":"https:\/\/tai-chi-en-ligne.com\/wp-content\/uploads\/2023\/06\/2-2.png","contentUrl":"https:\/\/tai-chi-en-ligne.com\/wp-content\/uploads\/2023\/06\/2-2.png","width":1200,"height":600},{"@type":"BreadcrumbList","@id":"https:\/\/tai-chi-en-ligne.com\/product\/cours-qi-gong-en-ligne-baduanjin\/#breadcrumb","itemListElement":[{"@type":"ListItem","position":1,"name":"Accueil","item":"https:\/\/tai-chi-en-ligne.com\/"},{"@type":"ListItem","position":2,"name":"Tai Chi et Qi Gong en ligne","item":"https:\/\/tai-chi-en-ligne.com\/"},{"@type":"ListItem","position":3,"name":"Qi Gong &#8211; Ba Duan Jin &#8211; Version Fran\u00e7aise"}]},{"@type":"WebSite","@id":"https:\/\/tai-chi-en-ligne.com\/fr\/#website","url":"https:\/\/tai-chi-en-ligne.com\/fr\/","name":"Tai Chi and Qi Gong online","description":"Online course","publisher":{"@id":"https:\/\/tai-chi-en-ligne.com\/fr\/#organization"},"alternateName":"Tai Chi en ligne","potentialAction":[{"@type":"SearchAction","target":{"@type":"EntryPoint","urlTemplate":"https:\/\/tai-chi-en-ligne.com\/fr\/?s={search_term_string}"},"query-input":{"@type":"PropertyValueSpecification","valueRequired":true,"valueName":"search_term_string"}}],"inLanguage":"en-US"},{"@type":"Organization","@id":"https:\/\/tai-chi-en-ligne.com\/fr\/#organization","name":"The Silk Thread","url":"https:\/\/tai-chi-en-ligne.com\/fr\/","logo":{"@type":"ImageObject","inLanguage":"en-US","@id":"https:\/\/tai-chi-en-ligne.com\/fr\/#\/schema\/logo\/image\/","url":"https:\/\/tai-chi-en-ligne.com\/wp-content\/uploads\/2025\/11\/cropped-Yin-Yang-Dragon-Transparent.png","contentUrl":"https:\/\/tai-chi-en-ligne.com\/wp-content\/uploads\/2025\/11\/cropped-Yin-Yang-Dragon-Transparent.png","width":571,"height":568,"caption":"Le Fil de Soie"},"image":{"@id":"https:\/\/tai-chi-en-ligne.com\/fr\/#\/schema\/logo\/image\/"},"sameAs":["https:\/\/www.facebook.com\/LeFilDeSoieArgeles","https:\/\/www.youtube.com\/@tai-chi-en-ligne"]}]}},"_links":{"self":[{"href":"https:\/\/tai-chi-en-ligne.com\/en\/wp-json\/wp\/v2\/product\/4086","targetHints":{"allow":["GET"]}}],"collection":[{"href":"https:\/\/tai-chi-en-ligne.com\/en\/wp-json\/wp\/v2\/product"}],"about":[{"href":"https:\/\/tai-chi-en-ligne.com\/en\/wp-json\/wp\/v2\/types\/product"}],"replies":[{"embeddable":true,"href":"https:\/\/tai-chi-en-ligne.com\/en\/wp-json\/wp\/v2\/comments?post=4086"}],"wp:featuredmedia":[{"embeddable":true,"href":"https:\/\/tai-chi-en-ligne.com\/en\/wp-json\/wp\/v2\/media\/4670"}],"wp:attachment":[{"href":"https:\/\/tai-chi-en-ligne.com\/en\/wp-json\/wp\/v2\/media?parent=4086"}],"wp:term":[{"taxonomy":"product_brand","embeddable":true,"href":"https:\/\/tai-chi-en-ligne.com\/en\/wp-json\/wp\/v2\/product_brand?post=4086"},{"taxonomy":"product_cat","embeddable":true,"href":"https:\/\/tai-chi-en-ligne.com\/en\/wp-json\/wp\/v2\/product_cat?post=4086"},{"taxonomy":"product_tag","embeddable":true,"href":"https:\/\/tai-chi-en-ligne.com\/en\/wp-json\/wp\/v2\/product_tag?post=4086"}],"curies":[{"name":"wp","href":"https:\/\/api.w.org\/{rel}","templated":true}]}}